{"id":204,"date":"2026-01-21T17:01:29","date_gmt":"2026-01-21T16:01:29","guid":{"rendered":"https:\/\/tomtochtradgard.se\/?page_id=204"},"modified":"2026-01-21T17:17:12","modified_gmt":"2026-01-21T16:17:12","slug":"kontakt","status":"publish","type":"page","link":"https:\/\/tomtochtradgard.se\/?page_id=204","title":{"rendered":"Om oss"},"content":{"rendered":"\n<div style=\"height:var(--wp--preset--spacing--50)\" aria-hidden=\"true\" class=\"wp-block-spacer\"><\/div>\n\n\n\n<div class=\"wp-block-group alignwide has-global-padding is-layout-constrained wp-block-group-is-layout-constrained\">\n<h1 class=\"wp-block-heading alignwide has-x-large-font-size\" style=\"line-height:1.2\">Med \u00f6ver 10 \u00e5rs erfarenhet inom stens\u00e4ttning och tr\u00e4dg\u00e5rdsanl\u00e4ggning samt 5 \u00e5rs erfarenhet som snickare med yrkesbevis, driver jag idag eget f\u00f6retag med inriktning p\u00e5 just er tr\u00e4dg\u00e5rd.<br><\/h1>\n\n\n\n<p>Under min resa har jag f\u00e5tt en bred och trygg erfarenhet som jag bygger mitt f\u00f6retag p\u00e5, b\u00e5de ute och inne. <br>Men det jag brinner mest f\u00f6r \u00e4r tr\u00e4dg\u00e5rdar, att f\u00e5 utforma en tr\u00e4dg\u00e5rd efter kundens behov och stil \u00e4r en v\u00e4ldigt givande uppgift jag gladeligen tar p\u00e5 mig.<br>D\u00e4rf\u00f6r g\u00e5r jag \u00e4ven mitt f\u00f6rsta steg mot att bli Diplomerad Tr\u00e4dg\u00e5rdsarkitekt.<\/p>\n\n\n\n<p><\/p>\n\n\n\n<p><\/p>\n\n\n\n<p><\/p>\n<\/div>\n\n\n\n<div class=\"wp-block-group alignfull has-global-padding is-layout-constrained wp-container-core-group-is-layout-0747478d wp-block-group-is-layout-constrained\" style=\"padding-top:var(--wp--preset--spacing--50);padding-right:var(--wp--preset--spacing--50);padding-bottom:var(--wp--preset--spacing--50);padding-left:var(--wp--preset--spacing--50)\">\n<div class=\"wp-block-columns alignwide is-layout-flex wp-container-core-columns-is-layout-ff4b9c61 wp-block-columns-is-layout-flex\" style=\"margin-top:0;margin-bottom:0\">\n<div class=\"wp-block-column is-layout-flow wp-container-core-column-is-layout-8a368f38 wp-block-column-is-layout-flow\">\n<div class=\"wp-block-query is-layout-flow wp-block-query-is-layout-flow\"><ul class=\"wp-block-post-template is-layout-flow wp-container-core-post-template-is-layout-dc68bcd2 wp-block-post-template-is-layout-flow\"><li class=\"wp-block-post post-1 post type-post status-publish format-standard hentry category-okategoriserade\">\n\n<figure class=\"wp-block-image size-full\"><img fetchpriority=\"high\" decoding=\"async\" width=\"4032\" height=\"3024\" src=\"https:\/\/tomtochtradgard.se\/wp-content\/uploads\/2026\/01\/20250904_144915.jpg\" alt=\"\" class=\"wp-image-126\"\/><\/figure>\n\n<\/li><\/ul><\/div>\n<\/div>\n\n\n\n<div class=\"wp-block-column is-layout-flow wp-container-core-column-is-layout-8736a895 wp-block-column-is-layout-flow\" style=\"padding-top:0\">\n<div style=\"height:var(--wp--preset--spacing--50)\" aria-hidden=\"true\" class=\"wp-block-spacer\"><\/div>\n\n\n\n<p>Att kall lava naturstenmurar \u00e4r bara en av mina produkter<\/p>\n<\/div>\n\n\n\n<div class=\"wp-block-column is-layout-flow wp-container-core-column-is-layout-8a368f38 wp-block-column-is-layout-flow\"><\/div>\n\n\n\n<div class=\"wp-block-column is-layout-flow wp-container-core-column-is-layout-8736a895 wp-block-column-is-layout-flow\" style=\"padding-top:0\">\n<div style=\"height:var(--wp--preset--spacing--50)\" aria-hidden=\"true\" class=\"wp-block-spacer\"><\/div>\n\n\n\n<div style=\"height:var(--wp--preset--spacing--50)\" aria-hidden=\"true\" class=\"wp-block-spacer\"><\/div>\n<\/div>\n<\/div>\n<\/div>\n","protected":false},"excerpt":{"rendered":"<p>Med \u00f6ver 10 \u00e5rs erfarenhet inom stens\u00e4ttning och tr\u00e4dg\u00e5rdsanl\u00e4ggning samt 5 \u00e5rs erfarenhet som snickare med yrkesbevis, driver jag idag eget f\u00f6retag med inriktning p\u00e5 just er tr\u00e4dg\u00e5rd. Under min resa har jag f\u00e5tt en bred och trygg erfarenhet som jag bygger mitt f\u00f6retag p\u00e5, b\u00e5de ute och inne. Men det jag brinner mest f\u00f6r [&hellip;]<\/p>\n","protected":false},"author":1,"featured_media":0,"parent":0,"menu_order":3,"comment_status":"closed","ping_status":"closed","template":"","meta":{"footnotes":""},"class_list":["post-204","page","type-page","status-publish","hentry"],"_links":{"self":[{"href":"https:\/\/tomtochtradgard.se\/index.php?rest_route=\/wp\/v2\/pages\/204","targetHints":{"allow":["GET"]}}],"collection":[{"href":"https:\/\/tomtochtradgard.se\/index.php?rest_route=\/wp\/v2\/pages"}],"about":[{"href":"https:\/\/tomtochtradgard.se\/index.php?rest_route=\/wp\/v2\/types\/page"}],"author":[{"embeddable":true,"href":"https:\/\/tomtochtradgard.se\/index.php?rest_route=\/wp\/v2\/users\/1"}],"replies":[{"embeddable":true,"href":"https:\/\/tomtochtradgard.se\/index.php?rest_route=%2Fwp%2Fv2%2Fcomments&post=204"}],"version-history":[{"count":4,"href":"https:\/\/tomtochtradgard.se\/index.php?rest_route=\/wp\/v2\/pages\/204\/revisions"}],"predecessor-version":[{"id":255,"href":"https:\/\/tomtochtradgard.se\/index.php?rest_route=\/wp\/v2\/pages\/204\/revisions\/255"}],"wp:attachment":[{"href":"https:\/\/tomtochtradgard.se\/index.php?rest_route=%2Fwp%2Fv2%2Fmedia&parent=204"}],"curies":[{"name":"wp","href":"https:\/\/api.w.org\/{rel}","templated":true}]}}