{"id":212,"date":"2026-01-22T09:24:56","date_gmt":"2026-01-22T08:24:56","guid":{"rendered":"https:\/\/tomtochtradgard.se\/?page_id=212"},"modified":"2026-01-22T09:24:57","modified_gmt":"2026-01-22T08:24:57","slug":"kontakt-2","status":"publish","type":"page","link":"https:\/\/tomtochtradgard.se\/?page_id=212","title":{"rendered":"Kontakt"},"content":{"rendered":"\n<div class=\"wp-block-media-text is-stacked-on-mobile\" style=\"grid-template-columns:57% auto\"><figure class=\"wp-block-media-text__media\"><img fetchpriority=\"high\" decoding=\"async\" width=\"4032\" height=\"3024\" src=\"https:\/\/tomtochtradgard.se\/wp-content\/uploads\/2026\/01\/20250814_112018.jpg\" alt=\"\" class=\"wp-image-119 size-full\"\/><\/figure><div class=\"wp-block-media-text__content\">\n<p>Tveka inte p\u00e5 att h\u00f6ra av er f\u00f6r fr\u00e5gor eller f\u00f6r att boka en tid.<\/p>\n\n\n\n<p class=\"has-contrast-color has-text-color has-link-color wp-elements-e207e8c8d6bd6b52654d3814a7b342ed\">072 220 90 22<\/p>\n\n\n\n<p><\/p>\n<\/div><\/div>\n","protected":false},"excerpt":{"rendered":"<p>Tveka inte p\u00e5 att h\u00f6ra av er f\u00f6r fr\u00e5gor eller f\u00f6r att boka en tid. 072 220 90 22<\/p>\n","protected":false},"author":1,"featured_media":0,"parent":0,"menu_order":0,"comment_status":"closed","ping_status":"closed","template":"","meta":{"footnotes":""},"class_list":["post-212","page","type-page","status-publish","hentry"],"_links":{"self":[{"href":"https:\/\/tomtochtradgard.se\/index.php?rest_route=\/wp\/v2\/pages\/212","targetHints":{"allow":["GET"]}}],"collection":[{"href":"https:\/\/tomtochtradgard.se\/index.php?rest_route=\/wp\/v2\/pages"}],"about":[{"href":"https:\/\/tomtochtradgard.se\/index.php?rest_route=\/wp\/v2\/types\/page"}],"author":[{"embeddable":true,"href":"https:\/\/tomtochtradgard.se\/index.php?rest_route=\/wp\/v2\/users\/1"}],"replies":[{"embeddable":true,"href":"https:\/\/tomtochtradgard.se\/index.php?rest_route=%2Fwp%2Fv2%2Fcomments&post=212"}],"version-history":[{"count":1,"href":"https:\/\/tomtochtradgard.se\/index.php?rest_route=\/wp\/v2\/pages\/212\/revisions"}],"predecessor-version":[{"id":259,"href":"https:\/\/tomtochtradgard.se\/index.php?rest_route=\/wp\/v2\/pages\/212\/revisions\/259"}],"wp:attachment":[{"href":"https:\/\/tomtochtradgard.se\/index.php?rest_route=%2Fwp%2Fv2%2Fmedia&parent=212"}],"curies":[{"name":"wp","href":"https:\/\/api.w.org\/{rel}","templated":true}]}}